{"id":129,"date":"2024-11-12T14:42:30","date_gmt":"2024-11-12T14:42:30","guid":{"rendered":"http:\/\/mirandademelo.adv.br\/?page_id=129"},"modified":"2024-11-12T14:42:37","modified_gmt":"2024-11-12T14:42:37","slug":"gaming-law","status":"publish","type":"page","link":"https:\/\/mirandademelo.adv.br\/?page_id=129","title":{"rendered":"Gaming Law"},"content":{"rendered":"\n<p>O mundo dos games, antes visto como mero entretenimento, transformou-se em uma ind\u00fastria bilion\u00e1ria, com um p\u00fablico cada vez mais exigente e regulamenta\u00e7\u00f5es cada vez mais complexas. Neste cen\u00e1rio, a figura do advogado especializado em Gaming Law se torna fundamental para garantir a seguran\u00e7a jur\u00eddica e o sucesso de seus projetos.<\/p>\n\n\n\n<p>Nosso escrit\u00f3rio oferece uma assessoria jur\u00eddica completa e personalizada para empresas e profissionais que atuam no mercado de games. Atuamos em diversas \u00e1reas, como desenvolvimento de jogos, publica\u00e7\u00e3o, distribui\u00e7\u00e3o, eSports, propriedade intelectual, prote\u00e7\u00e3o de dados e contratos.<\/p>\n\n\n\n<p><strong>Por que escolher nossos servi\u00e7os?<\/strong><\/p>\n\n\n\n<p>Ao contar com nossos servi\u00e7os, voc\u00ea ter\u00e1 a tranquilidade de saber que seu neg\u00f3cio est\u00e1 protegido legalmente e em conformidade com as leis e regulamenta\u00e7\u00f5es aplic\u00e1veis. Nossa equipe possui profundo conhecimento do mercado de games e das legisla\u00e7\u00f5es nacionais e internacionais, o que nos permite oferecer solu\u00e7\u00f5es personalizadas e eficazes para cada caso.<\/p>\n\n\n\n<p><strong>Diferenciais que nos destacam:<\/strong><\/p>\n\n\n\n<ul class=\"wp-block-list\">\n<li><strong>Vis\u00e3o multidisciplinar:<\/strong> Nossa equipe possui conhecimento em diversas \u00e1reas do direito, como direito digital, propriedade intelectual, contratual e consumerista, o que nos permite oferecer uma assessoria completa e integrada.<\/li>\n\n\n\n<li><strong>Atendimento personalizado:<\/strong> Oferecemos um atendimento personalizado e pr\u00f3ximo, buscando construir uma rela\u00e7\u00e3o de confian\u00e7a e parceria com nossos clientes.<\/li>\n\n\n\n<li><strong>Atualiza\u00e7\u00e3o constante:<\/strong> Mantemos-nos atualizados sobre as \u00faltimas tend\u00eancias do mercado de games e as mudan\u00e7as na legisla\u00e7\u00e3o, garantindo que nossos clientes estejam sempre bem informados.<\/li>\n\n\n\n<li><strong>Preven\u00e7\u00e3o de riscos:<\/strong> Identificamos e mitigamos riscos jur\u00eddicos, evitando processos judiciais e danos financeiros \u00e0 sua empresa.<\/li>\n<\/ul>\n\n\n\n<p><strong>N\u00e3o hesite em entrar em contato conosco para agendar uma consulta e conhecer melhor os nossos servi\u00e7os.<\/strong> Ao escolher nosso escrit\u00f3rio, voc\u00ea estar\u00e1 investindo na seguran\u00e7a jur\u00eddica e no sucesso do seu neg\u00f3cio no mercado de games.<\/p>\n\n\n\n<div class=\"wp-block-buttons is-layout-flex wp-block-buttons-is-layout-flex\">\n<div class=\"wp-block-button\"><a class=\"wp-block-button__link wp-element-button\" href=\"http:\/\/wa.me\/5549999978356\">Whatsapp<\/a><\/div>\n<\/div>\n","protected":false},"excerpt":{"rendered":"<p>O mundo dos games, antes visto como mero entretenimento, transformou-se em uma ind\u00fastria bilion\u00e1ria, com um p\u00fablico cada vez mais exigente e regulamenta\u00e7\u00f5es cada vez mais complexas. Neste cen\u00e1rio, a figura do advogado especializado em Gaming Law se torna fundamental para garantir a seguran\u00e7a jur\u00eddica e o sucesso de seus projetos. Nosso escrit\u00f3rio oferece uma [&hellip;]<\/p>\n","protected":false},"author":1,"featured_media":0,"parent":84,"menu_order":0,"comment_status":"closed","ping_status":"closed","template":"","meta":{"_joinchat":[],"footnotes":""},"class_list":["post-129","page","type-page","status-publish","hentry"],"_links":{"self":[{"href":"https:\/\/mirandademelo.adv.br\/index.php?rest_route=\/wp\/v2\/pages\/129","targetHints":{"allow":["GET"]}}],"collection":[{"href":"https:\/\/mirandademelo.adv.br\/index.php?rest_route=\/wp\/v2\/pages"}],"about":[{"href":"https:\/\/mirandademelo.adv.br\/index.php?rest_route=\/wp\/v2\/types\/page"}],"author":[{"embeddable":true,"href":"https:\/\/mirandademelo.adv.br\/index.php?rest_route=\/wp\/v2\/users\/1"}],"replies":[{"embeddable":true,"href":"https:\/\/mirandademelo.adv.br\/index.php?rest_route=%2Fwp%2Fv2%2Fcomments&post=129"}],"version-history":[{"count":1,"href":"https:\/\/mirandademelo.adv.br\/index.php?rest_route=\/wp\/v2\/pages\/129\/revisions"}],"predecessor-version":[{"id":130,"href":"https:\/\/mirandademelo.adv.br\/index.php?rest_route=\/wp\/v2\/pages\/129\/revisions\/130"}],"up":[{"embeddable":true,"href":"https:\/\/mirandademelo.adv.br\/index.php?rest_route=\/wp\/v2\/pages\/84"}],"wp:attachment":[{"href":"https:\/\/mirandademelo.adv.br\/index.php?rest_route=%2Fwp%2Fv2%2Fmedia&parent=129"}],"curies":[{"name":"wp","href":"https:\/\/api.w.org\/{rel}","templated":true}]}}