{"id":160,"date":"2024-11-12T17:21:50","date_gmt":"2024-11-12T17:21:50","guid":{"rendered":"http:\/\/mirandademelo.adv.br\/?page_id=160"},"modified":"2024-11-12T17:22:13","modified_gmt":"2024-11-12T17:22:13","slug":"societario","status":"publish","type":"page","link":"https:\/\/mirandademelo.adv.br\/?page_id=160","title":{"rendered":"Societ\u00e1rio"},"content":{"rendered":"\n<p>O Direito Societ\u00e1rio \u00e9 fundamental para o sucesso e a longevidade de qualquer empresa. Nosso escrit\u00f3rio oferece assessoria jur\u00eddica especializada nessa \u00e1rea, auxiliando nossos clientes em todas as etapas da vida de uma sociedade, desde a sua constitui\u00e7\u00e3o at\u00e9 a sua extin\u00e7\u00e3o.<\/p>\n\n\n\n<p>Atuamos em diversas \u00e1reas do Direito Societ\u00e1rio, como a elabora\u00e7\u00e3o de contratos sociais e estatutos, a realiza\u00e7\u00e3o de assembleias gerais, a gest\u00e3o de conflitos societ\u00e1rios, a reestrutura\u00e7\u00e3o societ\u00e1ria, as opera\u00e7\u00f5es de fus\u00e3o, aquisi\u00e7\u00e3o e incorpora\u00e7\u00e3o, al\u00e9m de quest\u00f5es relacionadas \u00e0 governan\u00e7a corporativa. Nosso objetivo \u00e9 garantir que sua empresa esteja sempre em conformidade com a legisla\u00e7\u00e3o vigente e que os interesses de seus s\u00f3cios sejam devidamente protegidos.<\/p>\n\n\n\n<p><strong>Por que escolher nossos servi\u00e7os?<\/strong><\/p>\n\n\n\n<p>Ao contar com nossos servi\u00e7os, sua empresa ter\u00e1 acesso a uma equipe de advogados especializados em Direito Societ\u00e1rio, com profundo conhecimento das normas e pr\u00e1ticas do mercado. Nossa equipe ir\u00e1 construir uma estrat\u00e9gia personalizada para sua empresa, considerando seus objetivos de neg\u00f3cio e as particularidades do seu setor de atua\u00e7\u00e3o.<\/p>\n\n\n\n<p><strong>Diferenciais que nos destacam:<\/strong><\/p>\n\n\n\n<ul class=\"wp-block-list\">\n<li><strong>An\u00e1lise completa:<\/strong> Realizamos uma an\u00e1lise completa da sua empresa, identificando as oportunidades e os riscos jur\u00eddicos e elaborando solu\u00e7\u00f5es personalizadas para cada caso.<\/li>\n\n\n\n<li><strong>Preven\u00e7\u00e3o de conflitos:<\/strong> Atuamos de forma preventiva, identificando e mitigando os riscos de conflitos societ\u00e1rios, garantindo a harmonia entre os s\u00f3cios.<\/li>\n\n\n\n<li><strong>Gest\u00e3o de crises:<\/strong> Em caso de conflitos ou crises societ\u00e1rias, oferecemos solu\u00e7\u00f5es eficazes para a resolu\u00e7\u00e3o de disputas e a preserva\u00e7\u00e3o do neg\u00f3cio.<\/li>\n\n\n\n<li><strong>Acompanhamento cont\u00ednuo:<\/strong> Oferecemos um acompanhamento cont\u00ednuo da sua empresa, garantindo que ela esteja sempre em conformidade com a legisla\u00e7\u00e3o e as melhores pr\u00e1ticas de governan\u00e7a corporativa.<\/li>\n<\/ul>\n\n\n\n<p><strong>N\u00e3o hesite em entrar em contato conosco para agendar uma consulta e conhecer melhor os nossos servi\u00e7os.<\/strong> Ao escolher nosso escrit\u00f3rio, voc\u00ea estar\u00e1 investindo na seguran\u00e7a jur\u00eddica da sua empresa e no seu sucesso a longo prazo.<\/p>\n\n\n\n<div class=\"wp-block-buttons is-layout-flex wp-block-buttons-is-layout-flex\">\n<div class=\"wp-block-button\"><a class=\"wp-block-button__link wp-element-button\" href=\"http:\/\/wa.me\/5549999978356\">Whatsapp<\/a><\/div>\n<\/div>\n\n\n\n<p><\/p>\n","protected":false},"excerpt":{"rendered":"<p>O Direito Societ\u00e1rio \u00e9 fundamental para o sucesso e a longevidade de qualquer empresa. Nosso escrit\u00f3rio oferece assessoria jur\u00eddica especializada nessa \u00e1rea, auxiliando nossos clientes em todas as etapas da vida de uma sociedade, desde a sua constitui\u00e7\u00e3o at\u00e9 a sua extin\u00e7\u00e3o. Atuamos em diversas \u00e1reas do Direito Societ\u00e1rio, como a elabora\u00e7\u00e3o de contratos sociais [&hellip;]<\/p>\n","protected":false},"author":1,"featured_media":0,"parent":84,"menu_order":0,"comment_status":"closed","ping_status":"closed","template":"","meta":{"_joinchat":[],"footnotes":""},"class_list":["post-160","page","type-page","status-publish","hentry"],"_links":{"self":[{"href":"https:\/\/mirandademelo.adv.br\/index.php?rest_route=\/wp\/v2\/pages\/160","targetHints":{"allow":["GET"]}}],"collection":[{"href":"https:\/\/mirandademelo.adv.br\/index.php?rest_route=\/wp\/v2\/pages"}],"about":[{"href":"https:\/\/mirandademelo.adv.br\/index.php?rest_route=\/wp\/v2\/types\/page"}],"author":[{"embeddable":true,"href":"https:\/\/mirandademelo.adv.br\/index.php?rest_route=\/wp\/v2\/users\/1"}],"replies":[{"embeddable":true,"href":"https:\/\/mirandademelo.adv.br\/index.php?rest_route=%2Fwp%2Fv2%2Fcomments&post=160"}],"version-history":[{"count":1,"href":"https:\/\/mirandademelo.adv.br\/index.php?rest_route=\/wp\/v2\/pages\/160\/revisions"}],"predecessor-version":[{"id":161,"href":"https:\/\/mirandademelo.adv.br\/index.php?rest_route=\/wp\/v2\/pages\/160\/revisions\/161"}],"up":[{"embeddable":true,"href":"https:\/\/mirandademelo.adv.br\/index.php?rest_route=\/wp\/v2\/pages\/84"}],"wp:attachment":[{"href":"https:\/\/mirandademelo.adv.br\/index.php?rest_route=%2Fwp%2Fv2%2Fmedia&parent=160"}],"curies":[{"name":"wp","href":"https:\/\/api.w.org\/{rel}","templated":true}]}}