{"id":84,"date":"2024-11-12T13:41:15","date_gmt":"2024-11-12T13:41:15","guid":{"rendered":"http:\/\/mirandademelo.adv.br\/?page_id=84"},"modified":"2024-11-12T17:36:00","modified_gmt":"2024-11-12T17:36:00","slug":"ramos-de-atuacao","status":"publish","type":"page","link":"https:\/\/mirandademelo.adv.br\/?page_id=84","title":{"rendered":"Ramos de Atua\u00e7\u00e3o"},"content":{"rendered":"\n<ul class=\"wp-block-list\">\n<li><a href=\"http:\/\/mirandademelo.adv.br\/?page_id=86\">Administrativo<\/a><\/li>\n\n\n\n<li><a href=\"http:\/\/mirandademelo.adv.br\/?page_id=90\">Aduaneiro e Com\u00e9rcio Internacional<\/a><\/li>\n\n\n\n<li><a href=\"http:\/\/mirandademelo.adv.br\/?page_id=93\">Agroneg\u00f3cio<\/a><\/li>\n\n\n\n<li><a href=\"http:\/\/mirandademelo.adv.br\/?page_id=96\" data-type=\"page\" data-id=\"96\">Ambiental<\/a><\/li>\n\n\n\n<li><a href=\"http:\/\/mirandademelo.adv.br\/?page_id=99\" data-type=\"page\" data-id=\"99\">Assessoria Desportiva<\/a><\/li>\n\n\n\n<li><a href=\"http:\/\/mirandademelo.adv.br\/?page_id=102\" data-type=\"page\" data-id=\"102\">Assessoria Full<\/a><\/li>\n\n\n\n<li><a href=\"http:\/\/mirandademelo.adv.br\/?page_id=105\" data-type=\"page\" data-id=\"105\">Banc\u00e1rio<\/a><\/li>\n\n\n\n<li><a href=\"http:\/\/mirandademelo.adv.br\/?page_id=108\" data-type=\"page\" data-id=\"108\">Consumidor<\/a><\/li>\n\n\n\n<li><a href=\"http:\/\/mirandademelo.adv.br\/?page_id=111\" data-type=\"page\" data-id=\"111\">Contencioso C\u00edvel<\/a><\/li>\n\n\n\n<li><a href=\"http:\/\/mirandademelo.adv.br\/?page_id=114\" data-type=\"page\" data-id=\"114\">Contencioso Estrat\u00e9gico<\/a><\/li>\n\n\n\n<li><a href=\"http:\/\/mirandademelo.adv.br\/?page_id=117\" data-type=\"page\" data-id=\"117\">Customer Experience<\/a><\/li>\n\n\n\n<li><a href=\"http:\/\/mirandademelo.adv.br\/?page_id=120\" data-type=\"page\" data-id=\"120\">Educacional<\/a><\/li>\n\n\n\n<li><a href=\"http:\/\/mirandademelo.adv.br\/?page_id=123\" data-type=\"page\" data-id=\"123\">Empresarial<\/a><\/li>\n\n\n\n<li><a href=\"http:\/\/mirandademelo.adv.br\/?page_id=126\" data-type=\"page\" data-id=\"126\">Fam\u00edlia, Sucess\u00e3o e Planejamento Patrimonial<\/a><\/li>\n\n\n\n<li><a href=\"http:\/\/mirandademelo.adv.br\/?page_id=129\" data-type=\"page\" data-id=\"129\">Gaming Law<\/a><\/li>\n\n\n\n<li><a href=\"http:\/\/mirandademelo.adv.br\/?page_id=132\" data-type=\"page\" data-id=\"132\">Infraestrutura<\/a><\/li>\n\n\n\n<li><a href=\"http:\/\/mirandademelo.adv.br\/?page_id=135\" data-type=\"page\" data-id=\"135\">Internacional e Arbitragem<\/a><\/li>\n\n\n\n<li><a href=\"http:\/\/mirandademelo.adv.br\/?page_id=138\" data-type=\"page\" data-id=\"138\">Lei Geral de Prote\u00e7\u00e3o de Dados (LGPD)<\/a><\/li>\n\n\n\n<li><a href=\"http:\/\/mirandademelo.adv.br\/?page_id=141\" data-type=\"page\" data-id=\"141\">Licita\u00e7\u00f5es e Contratos Administrativos<\/a><\/li>\n\n\n\n<li><a href=\"http:\/\/mirandademelo.adv.br\/?page_id=144\" data-type=\"page\" data-id=\"144\">Previdenci\u00e1rio<\/a><\/li>\n\n\n\n<li><a href=\"http:\/\/mirandademelo.adv.br\/?page_id=148\" data-type=\"page\" data-id=\"148\">Recupera\u00e7\u00e3o de Cr\u00e9dito<\/a><\/li>\n\n\n\n<li><a href=\"http:\/\/mirandademelo.adv.br\/?page_id=151\" data-type=\"page\" data-id=\"151\">Recupera\u00e7\u00e3o Judicial e Extrajudicial e Fal\u00eancias<\/a><\/li>\n\n\n\n<li><a href=\"http:\/\/mirandademelo.adv.br\/?page_id=154\" data-type=\"page\" data-id=\"154\">Rela\u00e7\u00f5es Governamentais<\/a><\/li>\n\n\n\n<li><a href=\"http:\/\/mirandademelo.adv.br\/?page_id=157\" data-type=\"page\" data-id=\"157\">Sa\u00fade<\/a><\/li>\n\n\n\n<li><a href=\"http:\/\/mirandademelo.adv.br\/?page_id=160\" data-type=\"page\" data-id=\"160\">Societ\u00e1rio<\/a><\/li>\n\n\n\n<li><a href=\"http:\/\/mirandademelo.adv.br\/?page_id=163\" data-type=\"page\" data-id=\"163\">Terceiro Setor<\/a><\/li>\n\n\n\n<li><a href=\"http:\/\/mirandademelo.adv.br\/?page_id=166\" data-type=\"page\" data-id=\"166\">Trabalhista<\/a><\/li>\n\n\n\n<li><a href=\"http:\/\/mirandademelo.adv.br\/?page_id=169\" data-type=\"page\" data-id=\"169\">Tribut\u00e1rio<\/a><\/li>\n<\/ul>\n","protected":false},"excerpt":{"rendered":"","protected":false},"author":1,"featured_media":0,"parent":0,"menu_order":0,"comment_status":"closed","ping_status":"closed","template":"","meta":{"_joinchat":[],"footnotes":""},"class_list":["post-84","page","type-page","status-publish","hentry"],"_links":{"self":[{"href":"https:\/\/mirandademelo.adv.br\/index.php?rest_route=\/wp\/v2\/pages\/84","targetHints":{"allow":["GET"]}}],"collection":[{"href":"https:\/\/mirandademelo.adv.br\/index.php?rest_route=\/wp\/v2\/pages"}],"about":[{"href":"https:\/\/mirandademelo.adv.br\/index.php?rest_route=\/wp\/v2\/types\/page"}],"author":[{"embeddable":true,"href":"https:\/\/mirandademelo.adv.br\/index.php?rest_route=\/wp\/v2\/users\/1"}],"replies":[{"embeddable":true,"href":"https:\/\/mirandademelo.adv.br\/index.php?rest_route=%2Fwp%2Fv2%2Fcomments&post=84"}],"version-history":[{"count":30,"href":"https:\/\/mirandademelo.adv.br\/index.php?rest_route=\/wp\/v2\/pages\/84\/revisions"}],"predecessor-version":[{"id":172,"href":"https:\/\/mirandademelo.adv.br\/index.php?rest_route=\/wp\/v2\/pages\/84\/revisions\/172"}],"wp:attachment":[{"href":"https:\/\/mirandademelo.adv.br\/index.php?rest_route=%2Fwp%2Fv2%2Fmedia&parent=84"}],"curies":[{"name":"wp","href":"https:\/\/api.w.org\/{rel}","templated":true}]}}