{"id":86,"date":"2024-11-12T13:45:35","date_gmt":"2024-11-12T13:45:35","guid":{"rendered":"http:\/\/mirandademelo.adv.br\/?page_id=86"},"modified":"2024-11-12T13:54:34","modified_gmt":"2024-11-12T13:54:34","slug":"administrativo","status":"publish","type":"page","link":"https:\/\/mirandademelo.adv.br\/?page_id=86","title":{"rendered":"Administrativo"},"content":{"rendered":"\n<p>Com uma atua\u00e7\u00e3o destacada em diversos setores estrat\u00e9gicos da economia, nosso escrit\u00f3rio \u00e9 refer\u00eancia em Direito Administrativo, Regulat\u00f3rio e de Infraestrutura. Nossa equipe multidisciplinar oferece solu\u00e7\u00f5es personalizadas para:<\/p>\n\n\n\n<ul class=\"wp-block-list\">\n<li><strong>Infraestrutura:<\/strong> Estrutura\u00e7\u00e3o de projetos, licita\u00e7\u00f5es, contratos e PPPs, al\u00e9m de assessoria em quest\u00f5es regulat\u00f3rias e disputas.<\/li>\n\n\n\n<li><strong>Energia:<\/strong> Assessoria em todo o ciclo de vida dos projetos, desde a explora\u00e7\u00e3o at\u00e9 a comercializa\u00e7\u00e3o, incluindo quest\u00f5es ambientais e de seguran\u00e7a.<\/li>\n\n\n\n<li><strong>Transporte e mobilidade:<\/strong> Desenvolvimento de projetos de infraestrutura, concess\u00f5es e permiss\u00f5es, al\u00e9m de acompanhamento em processos regulat\u00f3rios.<\/li>\n\n\n\n<li><strong>Sa\u00fade:<\/strong> Assessoria em quest\u00f5es regulat\u00f3rias, contratos e disputas, com foco em planos de sa\u00fade e defesa do consumidor.<\/li>\n\n\n\n<li><strong>Concorr\u00eancia:<\/strong> Representa\u00e7\u00e3o em processos administrativos e judiciais perante o CADE, al\u00e9m de desenvolvimento de estrat\u00e9gias de compliance.<\/li>\n<\/ul>\n\n\n\n<p>Nossa participa\u00e7\u00e3o em f\u00f3runs e eventos especializados nos mant\u00e9m atualizados sobre as \u00faltimas tend\u00eancias do mercado, permitindo que ofere\u00e7amos aos nossos clientes solu\u00e7\u00f5es inovadoras e eficientes.<\/p>\n\n\n\n<p><\/p>\n","protected":false},"excerpt":{"rendered":"<p>Com uma atua\u00e7\u00e3o destacada em diversos setores estrat\u00e9gicos da economia, nosso escrit\u00f3rio \u00e9 refer\u00eancia em Direito Administrativo, Regulat\u00f3rio e de Infraestrutura. Nossa equipe multidisciplinar oferece solu\u00e7\u00f5es personalizadas para: Nossa participa\u00e7\u00e3o em f\u00f3runs e eventos especializados nos mant\u00e9m atualizados sobre as \u00faltimas tend\u00eancias do mercado, permitindo que ofere\u00e7amos aos nossos clientes solu\u00e7\u00f5es inovadoras e eficientes.<\/p>\n","protected":false},"author":1,"featured_media":0,"parent":84,"menu_order":0,"comment_status":"closed","ping_status":"closed","template":"","meta":{"_joinchat":[],"footnotes":""},"class_list":["post-86","page","type-page","status-publish","hentry"],"_links":{"self":[{"href":"https:\/\/mirandademelo.adv.br\/index.php?rest_route=\/wp\/v2\/pages\/86","targetHints":{"allow":["GET"]}}],"collection":[{"href":"https:\/\/mirandademelo.adv.br\/index.php?rest_route=\/wp\/v2\/pages"}],"about":[{"href":"https:\/\/mirandademelo.adv.br\/index.php?rest_route=\/wp\/v2\/types\/page"}],"author":[{"embeddable":true,"href":"https:\/\/mirandademelo.adv.br\/index.php?rest_route=\/wp\/v2\/users\/1"}],"replies":[{"embeddable":true,"href":"https:\/\/mirandademelo.adv.br\/index.php?rest_route=%2Fwp%2Fv2%2Fcomments&post=86"}],"version-history":[{"count":1,"href":"https:\/\/mirandademelo.adv.br\/index.php?rest_route=\/wp\/v2\/pages\/86\/revisions"}],"predecessor-version":[{"id":87,"href":"https:\/\/mirandademelo.adv.br\/index.php?rest_route=\/wp\/v2\/pages\/86\/revisions\/87"}],"up":[{"embeddable":true,"href":"https:\/\/mirandademelo.adv.br\/index.php?rest_route=\/wp\/v2\/pages\/84"}],"wp:attachment":[{"href":"https:\/\/mirandademelo.adv.br\/index.php?rest_route=%2Fwp%2Fv2%2Fmedia&parent=86"}],"curies":[{"name":"wp","href":"https:\/\/api.w.org\/{rel}","templated":true}]}}